{"id":401,"date":"2018-12-20T11:00:42","date_gmt":"2018-12-20T10:00:42","guid":{"rendered":"http:https:\/\/www.kiotosolar.com\/\/home-page\/"},"modified":"2021-03-02T13:19:35","modified_gmt":"2021-03-02T12:19:35","slug":"home-page","status":"publish","type":"page","link":"https:\/\/www.kiotosolar.ch\/it\/","title":{"rendered":"Home page"},"content":{"rendered":"<div id=\"pl-401\"  class=\"panel-layout\" ><div id=\"pg-401-0\"  class=\"panel-grid panel-has-style\" ><div class=\"so-parallax siteorigin-panels-stretch panel-row-style panel-row-style-for-401-0\" id=\"showcase\" data-stretch-type=\"full\" ><img width=\"2500\" height=\"1406\" src=\"https:\/\/www.kiotosolar.ch\/wp-content\/uploads\/2019\/06\/iStock-485836002-1.jpg\" class=\"attachment-full size-full\" alt=\"\" decoding=\"async\" loading=\"eager\" data-siteorigin-parallax=\"true\" srcset=\"https:\/\/www.kiotosolar.ch\/wp-content\/uploads\/2019\/06\/iStock-485836002-1.jpg 2500w, https:\/\/www.kiotosolar.ch\/wp-content\/uploads\/2019\/06\/iStock-485836002-1-300x169.jpg 300w, https:\/\/www.kiotosolar.ch\/wp-content\/uploads\/2019\/06\/iStock-485836002-1-768x432.jpg 768w, https:\/\/www.kiotosolar.ch\/wp-content\/uploads\/2019\/06\/iStock-485836002-1-1024x576.jpg 1024w\" sizes=\"(max-width: 2500px) 100vw, 2500px\" \/><div id=\"pgc-401-0-0\"  class=\"panel-grid-cell\" ><div id=\"panel-401-0-0-0\" class=\"so-panel widget widget_sow-editor panel-first-child panel-last-child\" data-index=\"0\" ><div\n\t\t\t\n\t\t\tclass=\"so-widget-sow-editor so-widget-sow-editor-base\"\n\t\t\t\n\t\t>\n<div class=\"siteorigin-widget-tinymce textwidget\">\n\t<\/div>\n<\/div><\/div><\/div><\/div><\/div><div id=\"pg-401-1\"  class=\"panel-grid panel-has-style\" ><div id=\"vision\" class=\"panel-row-style panel-row-style-for-401-1\" ><div id=\"pgc-401-1-0\"  class=\"panel-grid-cell\" ><div id=\"panel-401-1-0-0\" class=\"so-panel widget widget_sow-editor panel-first-child panel-last-child\" data-index=\"1\" ><div\n\t\t\t\n\t\t\tclass=\"so-widget-sow-editor so-widget-sow-editor-base\"\n\t\t\t\n\t\t><h3 class=\"widget-title\">Coordinazione<\/h3>\n<div class=\"siteorigin-widget-tinymce textwidget\">\n\t<p>Con la nostra rete di partner (da \"Capo Nord\" alla Sicilia e dal Portogallo al \"Mar Nero\"), siamo in grado di organizzare sistematicamente situazioni, gestire gruppi di persone, progetti e metodi strategici corrispondenti. La messa in comune di mezzi, attrezzature di lavoro e risorse umane, nonch\u00e9 le corrispondenti attivit\u00e0 di pianificazione, creazione e cooperazione sotto gli aspetti dell'ottimizzazione del successo e dell'efficacia dei costi.<\/p>\n<h5 style=\"text-align: center;\">\u00abFiducia - capacit\u00e0 - competenza\u00bb<br \/>\n<em>ci prendiamo la responsabilit\u00e0<\/em><br \/>\nKIOTO Photovoltaics SCHWEIZ GmbH<\/h5>\n<\/div>\n<\/div><\/div><\/div><\/div><\/div><div id=\"pg-401-2\"  class=\"panel-grid panel-has-style\" ><div class=\"so-parallax siteorigin-panels-stretch panel-row-style panel-row-style-for-401-2\" id=\"trading-img\" data-stretch-type=\"full\" ><img width=\"2500\" height=\"1667\" src=\"https:\/\/www.kiotosolar.ch\/wp-content\/uploads\/2019\/06\/iStock-1068743142-2.jpg\" class=\"attachment-full size-full\" alt=\"\" decoding=\"async\" loading=\"eager\" data-siteorigin-parallax=\"true\" srcset=\"https:\/\/www.kiotosolar.ch\/wp-content\/uploads\/2019\/06\/iStock-1068743142-2.jpg 2500w, https:\/\/www.kiotosolar.ch\/wp-content\/uploads\/2019\/06\/iStock-1068743142-2-300x200.jpg 300w, https:\/\/www.kiotosolar.ch\/wp-content\/uploads\/2019\/06\/iStock-1068743142-2-768x512.jpg 768w, https:\/\/www.kiotosolar.ch\/wp-content\/uploads\/2019\/06\/iStock-1068743142-2-1024x683.jpg 1024w, https:\/\/www.kiotosolar.ch\/wp-content\/uploads\/2019\/06\/iStock-1068743142-2-272x182.jpg 272w\" sizes=\"(max-width: 2500px) 100vw, 2500px\" \/><div id=\"pgc-401-2-0\"  class=\"panel-grid-cell\" ><div id=\"panel-401-2-0-0\" class=\"so-panel widget widget_sow-editor panel-first-child panel-last-child\" data-index=\"2\" ><div\n\t\t\t\n\t\t\tclass=\"so-widget-sow-editor so-widget-sow-editor-base\"\n\t\t\t\n\t\t>\n<div class=\"siteorigin-widget-tinymce textwidget\">\n\t<\/div>\n<\/div><\/div><\/div><\/div><\/div><div id=\"pg-401-3\"  class=\"panel-grid panel-has-style\" ><div class=\"siteorigin-panels-stretch panel-row-style panel-row-style-for-401-3\" id=\"trading\" data-stretch-type=\"full\" ><div id=\"pgc-401-3-0\"  class=\"panel-grid-cell\" ><div id=\"panel-401-3-0-0\" class=\"so-panel widget widget_sow-editor panel-first-child panel-last-child\" data-index=\"3\" ><div\n\t\t\t\n\t\t\tclass=\"so-widget-sow-editor so-widget-sow-editor-base\"\n\t\t\t\n\t\t><h3 class=\"widget-title\">Ingegneria<\/h3>\n<div class=\"siteorigin-widget-tinymce textwidget\">\n\t<p>Le tre discipline classiche, ingegneria civile, ingegneria meccanica e l'ingegneria elettrica sono combinate tra loro. La progettazione dei prodotti, cos\u00ec come il design del prodotto, si svolge fondamentalmente come parte dello sviluppo di questi prodotti. La possibilit\u00e0 progettuale libera per trovare una forma, dipende molto dal tipo di prodotto. I compiti di un designer per trovare la forma giusta su prodotti molto tecnici, \u00e8 concentrarsi sulla loro funzionalit\u00e0, che spesso e di obbligo da un solo ingegniere. Allo stesso modo, un vaso decorativo pu\u00f2 raramente essere un campo di attivit\u00e0, perch\u00e9 questo compito \u00e8 rivolto principalmente agli artisti.<\/p>\n<h5 style=\"text-align: center;\">\n\u00abPrestazione - Innovazione - Servizio\u00bb<br \/>\n<em>Il partner affidabile e leale<\/em><br \/>\nKIOTO Photovoltaics SCHWEIZ GmbH<\/h5>\n<\/div>\n<\/div><\/div><\/div><\/div><\/div><div id=\"pg-401-4\"  class=\"panel-grid panel-has-style\" ><div class=\"so-parallax siteorigin-panels-stretch panel-row-style panel-row-style-for-401-4\" id=\"distribution-img\" data-stretch-type=\"full\" ><img width=\"4827\" height=\"2063\" src=\"https:\/\/www.kiotosolar.ch\/wp-content\/uploads\/2019\/06\/iStock-1129515532_vers1.jpg\" class=\"attachment-full size-full\" alt=\"\" decoding=\"async\" loading=\"eager\" data-siteorigin-parallax=\"true\" srcset=\"https:\/\/www.kiotosolar.ch\/wp-content\/uploads\/2019\/06\/iStock-1129515532_vers1.jpg 4827w, https:\/\/www.kiotosolar.ch\/wp-content\/uploads\/2019\/06\/iStock-1129515532_vers1-300x128.jpg 300w, https:\/\/www.kiotosolar.ch\/wp-content\/uploads\/2019\/06\/iStock-1129515532_vers1-768x328.jpg 768w, https:\/\/www.kiotosolar.ch\/wp-content\/uploads\/2019\/06\/iStock-1129515532_vers1-1024x438.jpg 1024w\" sizes=\"(max-width: 4827px) 100vw, 4827px\" \/><div id=\"pgc-401-4-0\"  class=\"panel-grid-cell\" ><div id=\"panel-401-4-0-0\" class=\"so-panel widget widget_sow-editor panel-first-child panel-last-child\" data-index=\"4\" ><div\n\t\t\t\n\t\t\tclass=\"so-widget-sow-editor so-widget-sow-editor-base\"\n\t\t\t\n\t\t>\n<div class=\"siteorigin-widget-tinymce textwidget\">\n\t<\/div>\n<\/div><\/div><\/div><\/div><\/div><div id=\"pg-401-5\"  class=\"panel-grid panel-has-style\" ><div class=\"siteorigin-panels-stretch panel-row-style panel-row-style-for-401-5\" id=\"distribution\" data-stretch-type=\"full\" ><div id=\"pgc-401-5-0\"  class=\"panel-grid-cell\" ><div id=\"panel-401-5-0-0\" class=\"so-panel widget widget_sow-editor panel-first-child panel-last-child\" data-index=\"5\" ><div\n\t\t\t\n\t\t\tclass=\"so-widget-sow-editor so-widget-sow-editor-base\"\n\t\t\t\n\t\t><h3 class=\"widget-title\">Finanziamento   <\/h3>\n<div class=\"siteorigin-widget-tinymce textwidget\">\n\t<p>Ideiamo e sviluppiamo con i nostri partner progetti di grandi centrali elettriche con energie rinnovabili per dei investitori. Questi includono le prime previsioni di fattibilit\u00e0 economica, la ricerca di un luogo adatto, la garanzia del titolo nel paese corrsipondente (compreso l'ottenimento di tutti i permessi necessari) e i contratti con gli operatori dei settori dell\u2019elettricit\u00e0. Un team esperto di partner e tecnici, sviluppano in dettaglio tutti i progetti necessari. Per qualsiasi progetto, vengono presi in considerazione i requisiti individuali regionali sulle condizioni climatiche locali nella pianificazione. Il risultato \u00e8 un impianto fotovoltaico ad alte prestazioni con l'ammortizzamento pi\u00f9 breve possibile e un interessante profitto.<\/p>\n<h5>\u00abSERIOSIT\u00c0 \u2013 DISCREZIONE \u2013 PROFESSIONALIT\u00c0\u00bb<br \/>\n<em>Fidatevi di noi<\/em><br \/>\nKIOTO Photovoltaics SCHWEIZ GmbH<br \/>\n<\/h5>\n<\/div>\n<\/div><\/div><\/div><\/div><\/div><div id=\"pg-401-6\"  class=\"panel-grid panel-has-style\" ><div class=\"so-parallax siteorigin-panels-stretch panel-row-style panel-row-style-for-401-6\" id=\"prefooter-img\" data-stretch-type=\"full\" ><img width=\"3864\" height=\"2576\" src=\"https:\/\/www.kiotosolar.ch\/wp-content\/uploads\/2019\/06\/iStock-916072398_vers1.jpg\" class=\"attachment-full size-full\" alt=\"\" decoding=\"async\" loading=\"eager\" data-siteorigin-parallax=\"true\" srcset=\"https:\/\/www.kiotosolar.ch\/wp-content\/uploads\/2019\/06\/iStock-916072398_vers1.jpg 3864w, https:\/\/www.kiotosolar.ch\/wp-content\/uploads\/2019\/06\/iStock-916072398_vers1-300x200.jpg 300w, https:\/\/www.kiotosolar.ch\/wp-content\/uploads\/2019\/06\/iStock-916072398_vers1-768x512.jpg 768w, https:\/\/www.kiotosolar.ch\/wp-content\/uploads\/2019\/06\/iStock-916072398_vers1-1024x683.jpg 1024w, https:\/\/www.kiotosolar.ch\/wp-content\/uploads\/2019\/06\/iStock-916072398_vers1-272x182.jpg 272w\" sizes=\"(max-width: 3864px) 100vw, 3864px\" \/><div id=\"pgc-401-6-0\"  class=\"panel-grid-cell\" ><div id=\"panel-401-6-0-0\" class=\"so-panel widget widget_sow-editor panel-first-child panel-last-child\" data-index=\"6\" ><div\n\t\t\t\n\t\t\tclass=\"so-widget-sow-editor so-widget-sow-editor-base\"\n\t\t\t\n\t\t>\n<div class=\"siteorigin-widget-tinymce textwidget\">\n\t<\/div>\n<\/div><\/div><\/div><\/div><\/div><div id=\"pg-401-7\"  class=\"panel-grid panel-has-style\" ><div id=\"kontakt\" class=\"panel-row-style panel-row-style-for-401-7\" ><div id=\"pgc-401-7-0\"  class=\"panel-grid-cell\" ><div id=\"panel-401-7-0-0\" class=\"so-panel widget widget_sow-editor panel-first-child panel-last-child\" data-index=\"7\" ><div\n\t\t\t\n\t\t\tclass=\"so-widget-sow-editor so-widget-sow-editor-base\"\n\t\t\t\n\t\t><h3 class=\"widget-title\">Contatto<\/h3>\n<div class=\"siteorigin-widget-tinymce textwidget\">\n\t<p>KIOTO Photovoltaics SCHWEIZ GmbH<br \/>\nWilenstrasse 4<br \/>\nCH-8832 Wollerau \/ Schweiz<\/p>\n<p>Telefono: <a href=\"tel:+41 44 787 74 23\">+41 (0) 44 787 74 23<\/a><br \/>\nE-Mail: <a href=\"mailto:office@kiotosolar.ch\">office@kiotosolar.ch<\/a><br \/>\n<a href=\"http:\/\/www.kiotosolar.ch\">www.kiotosolar.ch<\/a>\t<\/p>\n<\/div>\n<\/div><\/div><\/div><div id=\"pgc-401-7-1\"  class=\"panel-grid-cell\" ><div id=\"panel-401-7-1-0\" class=\"so-panel widget widget_sow-editor panel-first-child panel-last-child\" data-index=\"8\" ><div\n\t\t\t\n\t\t\tclass=\"so-widget-sow-editor so-widget-sow-editor-base\"\n\t\t\t\n\t\t>\n<div class=\"siteorigin-widget-tinymce textwidget\">\n\t\n<div class=\"wpcf7 no-js\" id=\"wpcf7-f277-o1\" lang=\"de-DE\" dir=\"ltr\">\n<div class=\"screen-reader-response\"><p role=\"status\" aria-live=\"polite\" aria-atomic=\"true\"><\/p> <ul><\/ul><\/div>\n<form action=\"\/it\/wp-json\/wp\/v2\/pages\/401#wpcf7-f277-o1\" method=\"post\" class=\"wpcf7-form init\" aria-label=\"Contact form\" novalidate=\"novalidate\" data-status=\"init\">\n<div style=\"display: none;\">\n<input type=\"hidden\" name=\"_wpcf7\" value=\"277\" \/>\n<input type=\"hidden\" name=\"_wpcf7_version\" value=\"5.7.4\" \/>\n<input type=\"hidden\" name=\"_wpcf7_locale\" value=\"de_DE\" \/>\n<input type=\"hidden\" name=\"_wpcf7_unit_tag\" value=\"wpcf7-f277-o1\" \/>\n<input type=\"hidden\" name=\"_wpcf7_container_post\" value=\"0\" \/>\n<input type=\"hidden\" name=\"_wpcf7_posted_data_hash\" value=\"\" \/>\n<\/div>\n<p><label><span class=\"wpcf7-form-control-wrap\" data-name=\"your-name\"><input size=\"40\" class=\"wpcf7-form-control wpcf7-text wpcf7-validates-as-required\" aria-required=\"true\" aria-invalid=\"false\" placeholder=\"Nome\" value=\"\" type=\"text\" name=\"your-name\" \/><\/span> <\/label>\n<\/p>\n<p><label><span class=\"wpcf7-form-control-wrap\" data-name=\"your-email\"><input size=\"40\" class=\"wpcf7-form-control wpcf7-text wpcf7-email wpcf7-validates-as-required wpcf7-validates-as-email\" aria-required=\"true\" aria-invalid=\"false\" placeholder=\"Indirizzo email\" value=\"\" type=\"email\" name=\"your-email\" \/><\/span> <\/label>\n<\/p>\n<p><label><span class=\"wpcf7-form-control-wrap\" data-name=\"your-subject\"><input size=\"40\" class=\"wpcf7-form-control wpcf7-text\" aria-invalid=\"false\" placeholder=\"Soggetto\" value=\"\" type=\"text\" name=\"your-subject\" \/><\/span> <\/label>\n<\/p>\n<p><label><span class=\"wpcf7-form-control-wrap\" data-name=\"your-message\"><textarea cols=\"40\" rows=\"10\" class=\"wpcf7-form-control wpcf7-textarea\" aria-invalid=\"false\" placeholder=\"Il Vostro messaggio\" name=\"your-message\"><\/textarea><\/span> <\/label>\n<\/p>\n<p><input class=\"wpcf7-form-control has-spinner wpcf7-submit\" type=\"submit\" value=\"Inviare\" \/>\n<\/p><div class=\"wpcf7-response-output\" aria-hidden=\"true\"><\/div>\n<\/form>\n<\/div>\n\n<\/div>\n<\/div><\/div><\/div><\/div><\/div><div id=\"pg-401-8\"  class=\"panel-grid panel-has-style\" ><div class=\"siteorigin-panels-stretch panel-row-style panel-row-style-for-401-8\" id=\"prefooter-img\" data-stretch-type=\"full\" ><div id=\"pgc-401-8-0\"  class=\"panel-grid-cell\" ><div id=\"panel-401-8-0-0\" class=\"so-panel widget widget_sow-editor panel-first-child panel-last-child\" data-index=\"9\" ><div\n\t\t\t\n\t\t\tclass=\"so-widget-sow-editor so-widget-sow-editor-base\"\n\t\t\t\n\t\t>\n<div class=\"siteorigin-widget-tinymce textwidget\">\n\t<\/div>\n<\/div><\/div><\/div><\/div><\/div><\/div>","protected":false},"excerpt":{"rendered":"<p>Con la nostra rete di partner (da &#8220;Capo Nord&#8221; alla Sicilia e dal Portogallo al &#8220;Mar Nero&#8221;), siamo in grado di organizzare sistematicamente situazioni, gestire gruppi di persone, progetti e metodi strategici corrispondenti. La messa in comune di mezzi, attrezzature di lavoro e risorse umane, nonch\u00e9 le corrispondenti attivit\u00e0 di pianificazione, creazione e cooperazione sotto [&hellip;]<\/p>\n","protected":false},"author":1,"featured_media":0,"parent":0,"menu_order":0,"comment_status":"closed","ping_status":"closed","template":"","meta":[],"aioseo_notices":[],"_links":{"self":[{"href":"https:\/\/www.kiotosolar.ch\/it\/wp-json\/wp\/v2\/pages\/401"}],"collection":[{"href":"https:\/\/www.kiotosolar.ch\/it\/wp-json\/wp\/v2\/pages"}],"about":[{"href":"https:\/\/www.kiotosolar.ch\/it\/wp-json\/wp\/v2\/types\/page"}],"author":[{"embeddable":true,"href":"https:\/\/www.kiotosolar.ch\/it\/wp-json\/wp\/v2\/users\/1"}],"replies":[{"embeddable":true,"href":"https:\/\/www.kiotosolar.ch\/it\/wp-json\/wp\/v2\/comments?post=401"}],"version-history":[{"count":5,"href":"https:\/\/www.kiotosolar.ch\/it\/wp-json\/wp\/v2\/pages\/401\/revisions"}],"predecessor-version":[{"id":448,"href":"https:\/\/www.kiotosolar.ch\/it\/wp-json\/wp\/v2\/pages\/401\/revisions\/448"}],"wp:attachment":[{"href":"https:\/\/www.kiotosolar.ch\/it\/wp-json\/wp\/v2\/media?parent=401"}],"curies":[{"name":"wp","href":"https:\/\/api.w.org\/{rel}","templated":true}]}}