{"id":405,"date":"2018-12-20T11:00:42","date_gmt":"2018-12-20T10:00:42","guid":{"rendered":"http:https:\/\/www.kiotosolar.com\/\/home-page\/"},"modified":"2021-03-02T13:18:59","modified_gmt":"2021-03-02T12:18:59","slug":"home-page","status":"publish","type":"page","link":"https:\/\/www.kiotosolar.ch\/fr\/","title":{"rendered":"Home page"},"content":{"rendered":"<div id=\"pl-405\"  class=\"panel-layout\" ><div id=\"pg-405-0\"  class=\"panel-grid panel-has-style\" ><div class=\"so-parallax siteorigin-panels-stretch panel-row-style panel-row-style-for-405-0\" id=\"showcase\" data-stretch-type=\"full\" ><img width=\"2500\" height=\"1406\" src=\"https:\/\/www.kiotosolar.ch\/wp-content\/uploads\/2019\/06\/iStock-485836002-1.jpg\" class=\"attachment-full size-full\" alt=\"\" decoding=\"async\" loading=\"eager\" data-siteorigin-parallax=\"true\" srcset=\"https:\/\/www.kiotosolar.ch\/wp-content\/uploads\/2019\/06\/iStock-485836002-1.jpg 2500w, https:\/\/www.kiotosolar.ch\/wp-content\/uploads\/2019\/06\/iStock-485836002-1-300x169.jpg 300w, https:\/\/www.kiotosolar.ch\/wp-content\/uploads\/2019\/06\/iStock-485836002-1-768x432.jpg 768w, https:\/\/www.kiotosolar.ch\/wp-content\/uploads\/2019\/06\/iStock-485836002-1-1024x576.jpg 1024w\" sizes=\"(max-width: 2500px) 100vw, 2500px\" \/><div id=\"pgc-405-0-0\"  class=\"panel-grid-cell\" ><div id=\"panel-405-0-0-0\" class=\"so-panel widget widget_sow-editor panel-first-child panel-last-child\" data-index=\"0\" ><div\n\t\t\t\n\t\t\tclass=\"so-widget-sow-editor so-widget-sow-editor-base\"\n\t\t\t\n\t\t>\n<div class=\"siteorigin-widget-tinymce textwidget\">\n\t<\/div>\n<\/div><\/div><\/div><\/div><\/div><div id=\"pg-405-1\"  class=\"panel-grid panel-has-style\" ><div id=\"vision\" class=\"panel-row-style panel-row-style-for-405-1\" ><div id=\"pgc-405-1-0\"  class=\"panel-grid-cell\" ><div id=\"panel-405-1-0-0\" class=\"so-panel widget widget_sow-editor panel-first-child panel-last-child\" data-index=\"1\" ><div\n\t\t\t\n\t\t\tclass=\"so-widget-sow-editor so-widget-sow-editor-base\"\n\t\t\t\n\t\t><h3 class=\"widget-title\">Coordination<\/h3>\n<div class=\"siteorigin-widget-tinymce textwidget\">\n\t<p>Avec notre r\u00e9seau de partenaires (qui s'\u00e9tend du Cap nord \u00e0 la Sicile et du Portugal \u00e0 la Mer noire), nous pouvons structurer syst\u00e9matiquement les faits, pour orienter les groupes de personnes vers la d\u00e9marche strat\u00e9gique adapt\u00e9e pour leur projet. Fusion des ressources, des moyens et des talents humains, mais aussi des activit\u00e9s de planification, d'organisation et de coop\u00e9ration afin d'optimiser les r\u00e9sultats et de r\u00e9duire les co\u00fbts.<\/p>\n<h5 style=\"text-align: center;\">\u00abConfiance \u2013 Savoir-faire \u2013 Comp\u00e9tence\u00bb<br \/>\n<em>Nous assumons notre responsabilit\u00e9<\/em><br \/>\nKIOTO Photovoltaics SCHWEIZ GmbH<\/h5>\n<\/div>\n<\/div><\/div><\/div><\/div><\/div><div id=\"pg-405-2\"  class=\"panel-grid panel-has-style\" ><div class=\"so-parallax siteorigin-panels-stretch panel-row-style panel-row-style-for-405-2\" id=\"trading-img\" data-stretch-type=\"full\" ><img width=\"2500\" height=\"1667\" src=\"https:\/\/www.kiotosolar.ch\/wp-content\/uploads\/2019\/06\/iStock-1068743142-2.jpg\" class=\"attachment-full size-full\" alt=\"\" decoding=\"async\" loading=\"eager\" data-siteorigin-parallax=\"true\" srcset=\"https:\/\/www.kiotosolar.ch\/wp-content\/uploads\/2019\/06\/iStock-1068743142-2.jpg 2500w, https:\/\/www.kiotosolar.ch\/wp-content\/uploads\/2019\/06\/iStock-1068743142-2-300x200.jpg 300w, https:\/\/www.kiotosolar.ch\/wp-content\/uploads\/2019\/06\/iStock-1068743142-2-768x512.jpg 768w, https:\/\/www.kiotosolar.ch\/wp-content\/uploads\/2019\/06\/iStock-1068743142-2-1024x683.jpg 1024w, https:\/\/www.kiotosolar.ch\/wp-content\/uploads\/2019\/06\/iStock-1068743142-2-272x182.jpg 272w\" sizes=\"(max-width: 2500px) 100vw, 2500px\" \/><div id=\"pgc-405-2-0\"  class=\"panel-grid-cell\" ><div id=\"panel-405-2-0-0\" class=\"so-panel widget widget_sow-editor panel-first-child panel-last-child\" data-index=\"2\" ><div\n\t\t\t\n\t\t\tclass=\"so-widget-sow-editor so-widget-sow-editor-base\"\n\t\t\t\n\t\t>\n<div class=\"siteorigin-widget-tinymce textwidget\">\n\t<\/div>\n<\/div><\/div><\/div><\/div><\/div><div id=\"pg-405-3\"  class=\"panel-grid panel-has-style\" ><div class=\"siteorigin-panels-stretch panel-row-style panel-row-style-for-405-3\" id=\"trading\" data-stretch-type=\"full\" ><div id=\"pgc-405-3-0\"  class=\"panel-grid-cell\" ><div id=\"panel-405-3-0-0\" class=\"so-panel widget widget_sow-editor panel-first-child panel-last-child\" data-index=\"3\" ><div\n\t\t\t\n\t\t\tclass=\"so-widget-sow-editor so-widget-sow-editor-base\"\n\t\t\t\n\t\t><h3 class=\"widget-title\">Engineering<\/h3>\n<div class=\"siteorigin-widget-tinymce textwidget\">\n\t<p>Les trois secteurs classiques que sont le g\u00e9nie civil, l'industrie m\u00e9canique et l'\u00e9lectrotechnique sont r\u00e9unis ici. La conception de produits ainsi que leur design ont en principe lieu dans le cadre du d\u00e9veloppement de ces produits. Le degr\u00e9 de libert\u00e9 en mati\u00e8re de design qui ouvre la possibilit\u00e9 de trouver une forme d\u00e9pend fortement du type de produit. Un designer a pour mission de trouver une forme et, pour les produits tr\u00e8s techniques, il se concentre sur la fonctionnalit\u00e9. C'est pour cela que c'est le plus souvent un ing\u00e9nieur qui s'en charge. De m\u00eame, un vase d\u00e9coratif peut rarement devenir un domaine d'activit\u00e9, parce que cette t\u00e2che s'adresse en priorit\u00e9 aux artistes.<\/p>\n<h5 style=\"text-align: center;\">\u00abPerformance - Innovation \u2013 Service\u00bb<br \/>\n<em>Le partenaire fiable et fid\u00e8le<\/em><br \/>\nKIOTO Photovoltaics SCHWEIZ GmbH<\/h5>\n<\/div>\n<\/div><\/div><\/div><\/div><\/div><div id=\"pg-405-4\"  class=\"panel-grid panel-has-style\" ><div class=\"so-parallax siteorigin-panels-stretch panel-row-style panel-row-style-for-405-4\" id=\"distribution-img\" data-stretch-type=\"full\" ><img width=\"4827\" height=\"2063\" src=\"https:\/\/www.kiotosolar.ch\/wp-content\/uploads\/2019\/06\/iStock-1129515532_vers1.jpg\" class=\"attachment-full size-full\" alt=\"\" decoding=\"async\" loading=\"eager\" data-siteorigin-parallax=\"true\" srcset=\"https:\/\/www.kiotosolar.ch\/wp-content\/uploads\/2019\/06\/iStock-1129515532_vers1.jpg 4827w, https:\/\/www.kiotosolar.ch\/wp-content\/uploads\/2019\/06\/iStock-1129515532_vers1-300x128.jpg 300w, https:\/\/www.kiotosolar.ch\/wp-content\/uploads\/2019\/06\/iStock-1129515532_vers1-768x328.jpg 768w, https:\/\/www.kiotosolar.ch\/wp-content\/uploads\/2019\/06\/iStock-1129515532_vers1-1024x438.jpg 1024w\" sizes=\"(max-width: 4827px) 100vw, 4827px\" \/><div id=\"pgc-405-4-0\"  class=\"panel-grid-cell\" ><div id=\"panel-405-4-0-0\" class=\"so-panel widget widget_sow-editor panel-first-child panel-last-child\" data-index=\"4\" ><div\n\t\t\t\n\t\t\tclass=\"so-widget-sow-editor so-widget-sow-editor-base\"\n\t\t\t\n\t\t>\n<div class=\"siteorigin-widget-tinymce textwidget\">\n\t<\/div>\n<\/div><\/div><\/div><\/div><\/div><div id=\"pg-405-5\"  class=\"panel-grid panel-has-style\" ><div class=\"siteorigin-panels-stretch panel-row-style panel-row-style-for-405-5\" id=\"distribution\" data-stretch-type=\"full\" ><div id=\"pgc-405-5-0\"  class=\"panel-grid-cell\" ><div id=\"panel-405-5-0-0\" class=\"so-panel widget widget_sow-editor panel-first-child panel-last-child\" data-index=\"5\" ><div\n\t\t\t\n\t\t\tclass=\"so-widget-sow-editor so-widget-sow-editor-base\"\n\t\t\t\n\t\t><h3 class=\"widget-title\">Financement  <\/h3>\n<div class=\"siteorigin-widget-tinymce textwidget\">\n\t<p>Nous planifions et d\u00e9veloppons, avec nos partenaires, de gros projets de centrales \u00e9lectriques fonctionnant avec des \u00e9nergies renouvelables, pour des investisseurs. Cela inclut les premi\u00e8res \u00e9tudes de faisabilit\u00e9 \u00e9conomique, la recherche d'un site d'implantation adapt\u00e9, la garantie des titres dans le pays (y compris l'obtention de toutes les autorisations n\u00e9cessaires) et les contrats avec les fournisseurs d'\u00e9nergie. Une \u00e9quipe de partenaires et de techniciens exp\u00e9riment\u00e9s d\u00e9veloppe toutes les \u00e9bauches dans le d\u00e9tail. Pour chaque projet, les exigences r\u00e9gionales li\u00e9es aux conditions climatiques locales sont prises en consid\u00e9ration dans la planification. R\u00e9sultat: une installation photovolta\u00efque haute performance avec un amortissement aussi court que possible et des rendements attractifs.<\/p>\n<h5>\u00abS\u00c9RIEUX \u2013 DISCRET \u2013 PROFESSIONNEL\u00bb<br \/>\n<em>Faites-nous confiance<\/em><br \/>\nKIOTO Photovoltaics SCHWEIZ GmbH<br \/>\n<\/h5>\n<\/div>\n<\/div><\/div><\/div><\/div><\/div><div id=\"pg-405-6\"  class=\"panel-grid panel-has-style\" ><div class=\"so-parallax siteorigin-panels-stretch panel-row-style panel-row-style-for-405-6\" id=\"prefooter-img\" data-stretch-type=\"full\" ><img width=\"3864\" height=\"2576\" src=\"https:\/\/www.kiotosolar.ch\/wp-content\/uploads\/2019\/06\/iStock-916072398_vers1.jpg\" class=\"attachment-full size-full\" alt=\"\" decoding=\"async\" loading=\"eager\" data-siteorigin-parallax=\"true\" srcset=\"https:\/\/www.kiotosolar.ch\/wp-content\/uploads\/2019\/06\/iStock-916072398_vers1.jpg 3864w, https:\/\/www.kiotosolar.ch\/wp-content\/uploads\/2019\/06\/iStock-916072398_vers1-300x200.jpg 300w, https:\/\/www.kiotosolar.ch\/wp-content\/uploads\/2019\/06\/iStock-916072398_vers1-768x512.jpg 768w, https:\/\/www.kiotosolar.ch\/wp-content\/uploads\/2019\/06\/iStock-916072398_vers1-1024x683.jpg 1024w, https:\/\/www.kiotosolar.ch\/wp-content\/uploads\/2019\/06\/iStock-916072398_vers1-272x182.jpg 272w\" sizes=\"(max-width: 3864px) 100vw, 3864px\" \/><div id=\"pgc-405-6-0\"  class=\"panel-grid-cell\" ><div id=\"panel-405-6-0-0\" class=\"so-panel widget widget_sow-editor panel-first-child panel-last-child\" data-index=\"6\" ><div\n\t\t\t\n\t\t\tclass=\"so-widget-sow-editor so-widget-sow-editor-base\"\n\t\t\t\n\t\t>\n<div class=\"siteorigin-widget-tinymce textwidget\">\n\t<\/div>\n<\/div><\/div><\/div><\/div><\/div><div id=\"pg-405-7\"  class=\"panel-grid panel-has-style\" ><div id=\"kontakt\" class=\"panel-row-style panel-row-style-for-405-7\" ><div id=\"pgc-405-7-0\"  class=\"panel-grid-cell\" ><div id=\"panel-405-7-0-0\" class=\"so-panel widget widget_sow-editor panel-first-child panel-last-child\" data-index=\"7\" ><div\n\t\t\t\n\t\t\tclass=\"so-widget-sow-editor so-widget-sow-editor-base\"\n\t\t\t\n\t\t><h3 class=\"widget-title\">Contact<\/h3>\n<div class=\"siteorigin-widget-tinymce textwidget\">\n\t<p>KIOTO Photovoltaics SCHWEIZ GmbH<br \/>\nWilenstrasse 4<br \/>\nCH-8832 Wollerau \/ Schweiz<\/p>\n<p>T\u00e9l\u00e9phone: <a href=\"tel:+41 44 787 74 23\">+41 (0) 44 787 74 23<\/a><br \/>\nE-Mail: <a href=\"mailto:office@kiotosolar.ch\">office@kiotosolar.ch<\/a><br \/>\n<a href=\"http:\/\/www.kiotosolar.ch\">www.kiotosolar.ch<\/a>\t<\/p>\n<\/div>\n<\/div><\/div><\/div><div id=\"pgc-405-7-1\"  class=\"panel-grid-cell\" ><div id=\"panel-405-7-1-0\" class=\"so-panel widget widget_sow-editor panel-first-child panel-last-child\" data-index=\"8\" ><div\n\t\t\t\n\t\t\tclass=\"so-widget-sow-editor so-widget-sow-editor-base\"\n\t\t\t\n\t\t>\n<div class=\"siteorigin-widget-tinymce textwidget\">\n\t\n<div class=\"wpcf7 no-js\" id=\"wpcf7-f419-o1\" lang=\"de-DE\" dir=\"ltr\">\n<div class=\"screen-reader-response\"><p role=\"status\" aria-live=\"polite\" aria-atomic=\"true\"><\/p> <ul><\/ul><\/div>\n<form action=\"\/fr\/wp-json\/wp\/v2\/pages\/405#wpcf7-f419-o1\" method=\"post\" class=\"wpcf7-form init\" aria-label=\"Contact form\" novalidate=\"novalidate\" data-status=\"init\">\n<div style=\"display: none;\">\n<input type=\"hidden\" name=\"_wpcf7\" value=\"419\" \/>\n<input type=\"hidden\" name=\"_wpcf7_version\" value=\"5.7.4\" \/>\n<input type=\"hidden\" name=\"_wpcf7_locale\" value=\"de_DE\" \/>\n<input type=\"hidden\" name=\"_wpcf7_unit_tag\" value=\"wpcf7-f419-o1\" \/>\n<input type=\"hidden\" name=\"_wpcf7_container_post\" value=\"0\" \/>\n<input type=\"hidden\" name=\"_wpcf7_posted_data_hash\" value=\"\" \/>\n<\/div>\n<p><label><span class=\"wpcf7-form-control-wrap\" data-name=\"your-name\"><input size=\"40\" class=\"wpcf7-form-control wpcf7-text wpcf7-validates-as-required\" aria-required=\"true\" aria-invalid=\"false\" placeholder=\"Votre nom\" value=\"\" type=\"text\" name=\"your-name\" \/><\/span> <\/label>\n<\/p>\n<p><label><span class=\"wpcf7-form-control-wrap\" data-name=\"your-email\"><input size=\"40\" class=\"wpcf7-form-control wpcf7-text wpcf7-email wpcf7-validates-as-required wpcf7-validates-as-email\" aria-required=\"true\" aria-invalid=\"false\" placeholder=\"Votre adresse email\" value=\"\" type=\"email\" name=\"your-email\" \/><\/span> <\/label>\n<\/p>\n<p><label><span class=\"wpcf7-form-control-wrap\" data-name=\"your-subject\"><input size=\"40\" class=\"wpcf7-form-control wpcf7-text\" aria-invalid=\"false\" placeholder=\"Assujettir\" value=\"\" type=\"text\" name=\"your-subject\" \/><\/span> <\/label>\n<\/p>\n<p><label><span class=\"wpcf7-form-control-wrap\" data-name=\"your-message\"><textarea cols=\"40\" rows=\"10\" class=\"wpcf7-form-control wpcf7-textarea\" aria-invalid=\"false\" placeholder=\"Votre message\" name=\"your-message\"><\/textarea><\/span> <\/label>\n<\/p>\n<p><input class=\"wpcf7-form-control has-spinner wpcf7-submit\" type=\"submit\" value=\"Inviare\" \/>\n<\/p><div class=\"wpcf7-response-output\" aria-hidden=\"true\"><\/div>\n<\/form>\n<\/div>\n\n<\/div>\n<\/div><\/div><\/div><\/div><\/div><div id=\"pg-405-8\"  class=\"panel-grid panel-has-style\" ><div class=\"siteorigin-panels-stretch panel-row-style panel-row-style-for-405-8\" id=\"prefooter-img\" data-stretch-type=\"full\" ><div id=\"pgc-405-8-0\"  class=\"panel-grid-cell\" ><div id=\"panel-405-8-0-0\" class=\"so-panel widget widget_sow-editor panel-first-child panel-last-child\" data-index=\"9\" ><div\n\t\t\t\n\t\t\tclass=\"so-widget-sow-editor so-widget-sow-editor-base\"\n\t\t\t\n\t\t>\n<div class=\"siteorigin-widget-tinymce textwidget\">\n\t<\/div>\n<\/div><\/div><\/div><\/div><\/div><\/div>","protected":false},"excerpt":{"rendered":"<p>Avec notre r\u00e9seau de partenaires (qui s&#8217;\u00e9tend du Cap nord \u00e0 la Sicile et du Portugal \u00e0 la Mer noire), nous pouvons structurer syst\u00e9matiquement les faits, pour orienter les groupes de personnes vers la d\u00e9marche strat\u00e9gique adapt\u00e9e pour leur projet. Fusion des ressources, des moyens et des talents humains, mais aussi des activit\u00e9s de planification, [&hellip;]<\/p>\n","protected":false},"author":1,"featured_media":0,"parent":0,"menu_order":0,"comment_status":"closed","ping_status":"closed","template":"","meta":[],"aioseo_notices":[],"_links":{"self":[{"href":"https:\/\/www.kiotosolar.ch\/fr\/wp-json\/wp\/v2\/pages\/405"}],"collection":[{"href":"https:\/\/www.kiotosolar.ch\/fr\/wp-json\/wp\/v2\/pages"}],"about":[{"href":"https:\/\/www.kiotosolar.ch\/fr\/wp-json\/wp\/v2\/types\/page"}],"author":[{"embeddable":true,"href":"https:\/\/www.kiotosolar.ch\/fr\/wp-json\/wp\/v2\/users\/1"}],"replies":[{"embeddable":true,"href":"https:\/\/www.kiotosolar.ch\/fr\/wp-json\/wp\/v2\/comments?post=405"}],"version-history":[{"count":5,"href":"https:\/\/www.kiotosolar.ch\/fr\/wp-json\/wp\/v2\/pages\/405\/revisions"}],"predecessor-version":[{"id":446,"href":"https:\/\/www.kiotosolar.ch\/fr\/wp-json\/wp\/v2\/pages\/405\/revisions\/446"}],"wp:attachment":[{"href":"https:\/\/www.kiotosolar.ch\/fr\/wp-json\/wp\/v2\/media?parent=405"}],"curies":[{"name":"wp","href":"https:\/\/api.w.org\/{rel}","templated":true}]}}